{"id":8013,"date":"2025-02-27T22:17:05","date_gmt":"2025-02-27T22:17:05","guid":{"rendered":"https:\/\/encorecanada.wpenginepowered.com\/greage\/"},"modified":"2025-10-22T20:28:38","modified_gmt":"2025-10-22T20:28:38","slug":"greage","status":"publish","type":"page","link":"https:\/\/www.encore-can.com\/fr\/nos-activites\/services-de-production\/greage\/","title":{"rendered":"Gr\u00e9age"},"content":{"rendered":"<div class=\"custom-block padding--bottom \" ><div class=\"container\"> <div class=\"breadcrumb-container\"><div class=\"container\"><nav class=\"breadcrumb\"><div class=\"breadcrumb__home\"><a href=\"https:\/\/www.encore-can.com\/fr\/\"><span class=\"breadcrumb__home__icon\"><svg xmlns=\"http:\/\/www.w3.org\/2000\/svg\" width=\"24\" height=\"24\" viewBox=\"0 0 24 24\" fill=\"none\"><path fill-rule=\"evenodd\" clip-rule=\"evenodd\" d=\"M12.1919 7.02537C12.0673 6.99154 11.9325 6.99154 11.8079 7.02537C11.7896 7.03034 11.7359 7.04697 11.5943 7.14418C11.4414 7.24911 11.2514 7.40082 10.9417 7.64961L7.1004 10.7346C6.73765 11.026 6.70113 11.0657 6.68057 11.0936C6.64692 11.139 6.62568 11.1841 6.61376 11.226L6.61333 11.2279C6.61333 11.2279 6.61235 11.2327 6.6115 11.2386C6.60971 11.2509 6.60718 11.2733 6.60506 11.3128C6.60033 11.4008 6.6 11.517 6.6 11.7234V17H9.4V15.0628C9.4 13.6205 10.6465 12.5943 12 12.5943C13.3535 12.5943 14.6 13.6205 14.6 15.0628V17H17.4V11.7234C17.4 11.5175 17.3996 11.4012 17.3948 11.3135C17.3927 11.2742 17.3901 11.2517 17.3883 11.2393C17.3874 11.2333 17.3864 11.2283 17.3864 11.2283L17.3859 11.226C17.3734 11.1821 17.352 11.1373 17.3197 11.0936C17.2991 11.0658 17.2626 11.0261 16.8998 10.7346L13.0598 7.65062C12.7496 7.40152 12.5593 7.24956 12.4062 7.14448C12.2643 7.0471 12.2104 7.03038 12.1919 7.02537ZM19.4 17V11.7234C19.4 11.699 19.4 11.6744 19.4001 11.6498C19.4007 11.3339 19.4013 11.0009 19.3094 10.6784C19.2298 10.3987 19.0999 10.1372 18.9277 9.9043C18.7319 9.63963 18.4719 9.43143 18.2108 9.22229C18.1912 9.20663 18.1717 9.19097 18.1521 9.17528L14.2876 6.07159C14.0103 5.84887 13.7608 5.64843 13.5378 5.49541C13.297 5.33019 13.0335 5.18143 12.7159 5.09521C12.2482 4.96826 11.7517 4.96826 11.284 5.09521C10.9665 5.1814 10.7031 5.33011 10.4626 5.49518C10.2401 5.64788 9.99113 5.84782 9.71468 6.06987L5.84804 9.17528C5.8286 9.19089 5.80915 9.20647 5.78971 9.22204C5.52834 9.43135 5.26837 9.63955 5.07256 9.9043C4.90155 10.1355 4.7704 10.3967 4.69019 10.6784C4.59861 11.0001 4.59927 11.3329 4.5999 11.6467C4.59995 11.6724 4.6 11.698 4.6 11.7234V17H4C3.44772 17 3 17.4477 3 18C3 18.5523 3.44772 19 4 19H20C20.5523 19 21 18.5523 21 18C21 17.4477 20.5523 17 20 17H19.4ZM12.6 17V15.0628C12.6 14.883 12.4138 14.5943 12 14.5943C11.5862 14.5943 11.4 14.883 11.4 15.0628V17H12.6Z\" fill=\"#1F1646\"\/><\/svg> <\/span><span class=\"breadcrumb__home__name\">Home <\/span><\/a><span class=\"delimiter\">\/<\/span><\/div><div class=\"breadcrumb__parents\"> <button class=\"text breadcrumb__parents__menu\">&#8230; &nbsp;\/<\/button><\/div><div class=\"breadcrumb__dropdown shadow\"><\/div><div class=\"breadcrumb__current\"><span>Gr\u00e9age<\/span><\/div><\/nav><\/div><\/div> <\/div><\/div>\n\n<div class=\"custom-block padding--bottom hide-decoration\" > <div class=\"wrap-hero\" data-theme=\"midnight-elegance\" ><div class=\"container\"><div class=\"row \"> <div class=\"hero__column hero__column--content\"><div class=\"hero__content\"><p class=\"eyebrow font--purple\" data-pinnable>Gr\u00e9age<\/p> <h1 class=\"title title--xl headline\" data-pinnable><span class=\"font--purple\"> Pr\u00e9parez le terrain<\/span> pour un grand impact, en toute s\u00e9curit\u00e9\n<\/span><\/h1>  <div class=\"text text--lg\" data-pinnable><p>Cr\u00e9ez un cadre adapt\u00e9 \u00e0 votre \u00e9tablissement et \u00e0 votre auditoire<\/p>\n<\/div>    <\/div><\/div><div class=\"hero__column hero__column--media\"><div class=\"hero__images-wrap\"><div class=\"hero__images    hero__4-images \"> <svg width=\"1130\" height=\"565\" viewBox=\"0 0 1130 565\" fill=\"none\" xmlns=\"http:\/\/www.w3.org\/2000\/svg\" role=\"presentation\"><g clip-path=\"url(#clip0_2240_8991)\"><mask id=\"mask0_2240_8991\" style=\"mask-type:alpha\" maskUnits=\"userSpaceOnUse\" x=\"0\" y=\"0\" width=\"1130\" height=\"565\"><path d=\"M0 0H1130V565H0V0Z\" fill=\"black\"\/><\/mask><g mask=\"url(#mask0_2240_8991)\"><path d=\"M936 248L882 194L828 248L882 302L936 248Z\" fill=\"var(--color3)\"\/><path d=\"M603.681 501.833L569.841 468L536 501.833L569.841 535.666L603.681 501.833Z\" fill=\"var(--color1)\"\/><path d=\"M969.682 321.833L935.841 288L902 321.833L935.841 355.666L969.682 321.833Z\" fill=\"var(--color1)\"\/><path d=\"M642 101.5L550.5 10L459 101.5L550.5 193L642 101.5Z\" fill=\"var(--color2)\"\/><path d=\"M1109 267.5L1032.5 191L956 267.5L1032.5 344L1109 267.5Z\" fill=\"var(--color2)\"\/><path d=\"M315.829 398.903L262.914 346L210 398.903L262.914 451.806L315.829 398.903Z\" fill=\"var(--color3)\"\/><\/g><\/g><defs><clipPath id=\"clip0_2240_8991\"><rect width=\"1130\" height=\"565\" fill=\"white\"\/><\/clipPath><\/defs><\/svg>  <div class=\"rhombus rhombus1 transparent-bg\" data-pinnable> <picture><source media=\"(min-width: 1200px)\" srcset=\"https:\/\/www.encore-can.com\/wp-content\/uploads\/2025\/02\/rigging-hero-1.webp\" type=\"image\/webp\"><source media=\"(min-width: 992px)\" srcset=\"https:\/\/www.encore-can.com\/wp-content\/uploads\/2025\/02\/rigging-hero-1.webp\" type=\"image\/webp\"><source media=\"(min-width: 768px)\" srcset=\"https:\/\/www.encore-can.com\/wp-content\/uploads\/2025\/02\/rigging-hero-1-768x768.webp\" type=\"image\/webp\"><source srcset=\"https:\/\/www.encore-can.com\/wp-content\/uploads\/2025\/02\/rigging-hero-1.webp\" type=\"image\/webp\"><img decoding=\"async\" src=\"https:\/\/www.encore-can.com\/wp-content\/uploads\/2025\/02\/rigging-hero-1.jpg\" loading=\"lazy\" alt=\"Stage lights mounted on a black truss project bright blue beams upward, illuminating the ceiling of an indoor venue with geometric ceiling panels.\"><\/picture> <\/div><div class=\"rhombus rhombus2 transparent-bg\" data-pinnable> <picture><source media=\"(min-width: 1200px)\" srcset=\"https:\/\/www.encore-can.com\/wp-content\/uploads\/2025\/04\/GLMLoadIn-98-copy-scaled.webp\" type=\"image\/webp\"><source media=\"(min-width: 992px)\" srcset=\"https:\/\/www.encore-can.com\/wp-content\/uploads\/2025\/04\/GLMLoadIn-98-copy-1200x1200.webp\" type=\"image\/webp\"><source media=\"(min-width: 768px)\" srcset=\"https:\/\/www.encore-can.com\/wp-content\/uploads\/2025\/04\/GLMLoadIn-98-copy-768x768.webp\" type=\"image\/webp\"><source srcset=\"https:\/\/www.encore-can.com\/wp-content\/uploads\/2025\/04\/GLMLoadIn-98-copy-1200x1200.webp\" type=\"image\/webp\"><img decoding=\"async\" src=\"https:\/\/www.encore-can.com\/wp-content\/uploads\/2025\/04\/GLMLoadIn-98-copy-scaled.jpg\" loading=\"lazy\" alt=\"Several workers set up metal trusses and equipment in a large, carpeted ballroom with high ceilings and hanging lights, preparing the space for an event or production.\"><\/picture> <\/div> <div class=\"rhombus rhombus3 transparent-bg\" data-pinnable> <picture><source media=\"(min-width: 1200px)\" srcset=\"https:\/\/www.encore-can.com\/wp-content\/uploads\/2025\/04\/Miami-0419-255-copy.webp\" type=\"image\/webp\"><source media=\"(min-width: 992px)\" srcset=\"https:\/\/www.encore-can.com\/wp-content\/uploads\/2025\/04\/Miami-0419-255-copy.webp\" type=\"image\/webp\"><source media=\"(min-width: 768px)\" srcset=\"https:\/\/www.encore-can.com\/wp-content\/uploads\/2025\/04\/Miami-0419-255-copy-768x486.webp\" type=\"image\/webp\"><source srcset=\"https:\/\/www.encore-can.com\/wp-content\/uploads\/2025\/04\/Miami-0419-255-copy.webp\" type=\"image\/webp\"><img decoding=\"async\" src=\"https:\/\/www.encore-can.com\/wp-content\/uploads\/2025\/04\/Miami-0419-255-copy.jpg\" loading=\"lazy\" alt=\"A large event space with stage lighting trusses, spotlights, and audiovisual equipment set up in front of a wall displaying a colorful test pattern screen, preparing for a production or event.\"><\/picture> <\/div> <div class=\"rhombus rhombus4 transparent-bg\" data-pinnable> <picture><source media=\"(min-width: 1200px)\" srcset=\"https:\/\/www.encore-can.com\/wp-content\/uploads\/2025\/05\/WS-Ice-room-scaled-1-sq.webp\" type=\"image\/webp\"><source media=\"(min-width: 992px)\" srcset=\"https:\/\/www.encore-can.com\/wp-content\/uploads\/2025\/05\/WS-Ice-room-scaled-1-sq.webp\" type=\"image\/webp\"><source media=\"(min-width: 768px)\" srcset=\"https:\/\/www.encore-can.com\/wp-content\/uploads\/2025\/05\/WS-Ice-room-scaled-1-sq-768x768.webp\" type=\"image\/webp\"><source srcset=\"https:\/\/www.encore-can.com\/wp-content\/uploads\/2025\/05\/WS-Ice-room-scaled-1-sq.webp\" type=\"image\/webp\"><img decoding=\"async\" src=\"https:\/\/www.encore-can.com\/wp-content\/uploads\/2025\/05\/WS-Ice-room-scaled-1-sq.jpg\" loading=\"lazy\" alt=\"A large event space illuminated with blue lighting, featuring circular metal trusses suspended from the ceiling and a crowd of people socializing and mingling below.\"><\/picture> <\/div><\/div><\/div><\/div><\/div><\/div><\/div><\/div> <\/div>\n\n<div class=\"custom-block \" ><div class=\"container container--sm\"> <div class=\"text-block\"><div class=\"container container--fluid\"><div class=\"\"> <div class=\"headline\" data-pinnable><h2 class=\"title\" style=\"text-align: center;\">Soutien \u00e0 des productions impressionnantes<\/h2>\n<\/div> <div class=\"text\" data-pinnable><p style=\"text-align: center;\">Le gr\u00e9age est le coeur du succ\u00e8s de votre \u00e9v\u00e9nement et permet d&rsquo;offrir des exp\u00e9riences captivantes gr\u00e2ce \u00e0 des \u00e9l\u00e9ments audio, visuels, d&rsquo;\u00e9clairage et de mise en sc\u00e8ne avanc\u00e9s. Laissez nos gr\u00e9eurs certifi\u00e9s planifier et ex\u00e9cuter chaque d\u00e9tail, en veillant \u00e0 ce que les lignes de vue soient claires, \u00e0 ce que l&rsquo;installation ne soit pas encombr\u00e9e et \u00e0 ce que les normes les plus strictes soient respect\u00e9es afin que la s\u00e9curit\u00e9 demeure une priorit\u00e9 absolue. <\/p>\n<\/div><\/div><\/div><\/div> <\/div><\/div>\n\n<div class=\"custom-block padding--top padding--bottom \" > <div class=\"button-list\" data-locked><div class=\"container container--fluid\"><div class=\"button-list-content centered\"><div class=\"headline\"><div><h2 class=\"title title--md\">Normes de gr\u00e9age<\/h2>\n<\/div><\/div><div class=\"description\"><\/div><div class=\"buttons\">   <a href=\"https:\/\/www.encore-can.com\/fr\/rigging\/rigging-standards\/\" target=\"\" class=\"btn btn--outline\"><span class=\"btn__text\">English<\/span>  <svg class=\"js-downloadSVG\" width=\"24\" height=\"24\" viewBox=\"0 0 24 24\" fill=\"none\" xmlns=\"http:\/\/www.w3.org\/2000\/svg\" aria-labelledby=\"svgTitle svgDesc\"> <title id=\"svgTitle\">arrow right<\/title> <desc id=\"svgDesc\">arrow right icon<\/desc> <path fill-rule=\"evenodd\" clip-rule=\"evenodd\" d=\"M12.2859 7.29993C12.6726 6.90556 13.3057 6.89929 13.7001 7.28593L17.7001 11.2075C17.8919 11.3956 18 11.6529 18 11.9216C18 12.1902 17.8919 12.4476 17.7001 12.6356L13.7001 16.5572C13.3057 16.9438 12.6726 16.9376 12.2859 16.5432C11.8993 16.1488 11.9056 15.5157 12.2999 15.1291L14.5516 12.9216H7C6.44772 12.9216 6 12.4739 6 11.9216C6 11.3693 6.44772 10.9216 7 10.9216H14.5516L12.2999 8.71407C11.9056 8.32743 11.8993 7.6943 12.2859 7.29993Z\" fill=\"#1F1646\"\/><\/svg>  <\/a>     <a href=\"https:\/\/www.encore-can.com\/fr\/rigging-standards-fr\/\" target=\"\" class=\"btn btn--outline\"><span class=\"btn__text\">French<\/span>  <svg class=\"js-downloadSVG\" width=\"24\" height=\"24\" viewBox=\"0 0 24 24\" fill=\"none\" xmlns=\"http:\/\/www.w3.org\/2000\/svg\" aria-labelledby=\"svgTitle svgDesc\"> <title id=\"svgTitle\">arrow right<\/title> <desc id=\"svgDesc\">arrow right icon<\/desc> <path fill-rule=\"evenodd\" clip-rule=\"evenodd\" d=\"M12.2859 7.29993C12.6726 6.90556 13.3057 6.89929 13.7001 7.28593L17.7001 11.2075C17.8919 11.3956 18 11.6529 18 11.9216C18 12.1902 17.8919 12.4476 17.7001 12.6356L13.7001 16.5572C13.3057 16.9438 12.6726 16.9376 12.2859 16.5432C11.8993 16.1488 11.9056 15.5157 12.2999 15.1291L14.5516 12.9216H7C6.44772 12.9216 6 12.4739 6 11.9216C6 11.3693 6.44772 10.9216 7 10.9216H14.5516L12.2999 8.71407C11.9056 8.32743 11.8993 7.6943 12.2859 7.29993Z\" fill=\"#1F1646\"\/><\/svg>  <\/a>     <a href=\"https:\/\/www.encore-can.com\/fr\/rigging-standards-es\/\" target=\"\" class=\"btn btn--outline\"><span class=\"btn__text\">Spanish<\/span>  <svg class=\"js-downloadSVG\" width=\"24\" height=\"24\" viewBox=\"0 0 24 24\" fill=\"none\" xmlns=\"http:\/\/www.w3.org\/2000\/svg\" aria-labelledby=\"svgTitle svgDesc\"> <title id=\"svgTitle\">arrow right<\/title> <desc id=\"svgDesc\">arrow right icon<\/desc> <path fill-rule=\"evenodd\" clip-rule=\"evenodd\" d=\"M12.2859 7.29993C12.6726 6.90556 13.3057 6.89929 13.7001 7.28593L17.7001 11.2075C17.8919 11.3956 18 11.6529 18 11.9216C18 12.1902 17.8919 12.4476 17.7001 12.6356L13.7001 16.5572C13.3057 16.9438 12.6726 16.9376 12.2859 16.5432C11.8993 16.1488 11.9056 15.5157 12.2999 15.1291L14.5516 12.9216H7C6.44772 12.9216 6 12.4739 6 11.9216C6 11.3693 6.44772 10.9216 7 10.9216H14.5516L12.2999 8.71407C11.9056 8.32743 11.8993 7.6943 12.2859 7.29993Z\" fill=\"#1F1646\"\/><\/svg>  <\/a>  <\/div><\/div><\/div><\/div> <\/div>\n\n<div class=\"custom-block \" > <div class=\"text-block\"><div class=\"container container--fluid\"><div class=\"centered\"> <div class=\"headline\" data-pinnable><h2 class=\"title\">Submit Your Request<\/h2>\n<\/div> <\/div><\/div><\/div> <\/div>\n\n<div class=\"custom-block padding--bottom rigging-form\" > <div class=\"iframe-component\"><div class=\"wrap-iframe \"><div class=\"container\"><div class=\"row justify-center \"><div class=\"col-md-12\"> <div class=\"iframe__container\"><iframe loading=\"eager\" class=\"js-iframe-resize\" style=\"min-height:2000px;\" src=\"https:\/\/psavrigging.azurewebsites.net\" width=\"100%\" height=\"100\"><\/iframe><\/div><\/div><\/div><\/div><\/div><\/div> <\/div>\n\n<div class=\"custom-block \" > <div class=\"decoration mobile-hide\" ><div class=\"container\"><div class=\"shapes style--1 position-left\" style=\"top: -1500px\"><svg xmlns=\"http:\/\/www.w3.org\/2000\/svg\" width=\"198\" height=\"139\" viewBox=\"0 0 198 139\" fill=\"none\"><path d=\"M95.436 92.7501L72.3226 115.866L95.436 138.982L118.549 115.866L95.436 92.7501Z\" fill=\"#00BFDE\"\/><path d=\"M49.2742 0.750226L-0.000610352 50.0303L49.2743 99.3103L98.5491 50.0303L49.2742 0.750226Z\" fill=\"#1B75BC\"\/><path d=\"M146.992 77.7501L132.434 92.3093L146.992 106.869L161.549 92.3093L146.992 77.7501Z\" fill=\"#A7549F\"\/><path d=\"M132.381 0.749976L106.213 26.9207L132.381 53.0913L158.549 26.9207L132.381 0.749976Z\" fill=\"#00BFDE\"\/><path d=\"M186.635 95.75L175.721 106.665L186.635 117.58L197.549 106.665L186.635 95.75Z\" fill=\"#1B75BC\"\/><\/svg><\/div><\/div><\/div> <\/div>\n\n<div class=\"custom-block padding--bottom \" > <div class=\"custom-html-container\"><script>window.addEventListener('message', scrollListener, false);\r\n           function scrollListener({ data }) {\r\n            if (data.errorScrollTop) {\r\n   document.querySelector('.rigging-form').scrollIntoView({\r\n  behavior: 'smooth',\r\n  block: 'start'\r\n});\r\n            }\r\n          }\r\n<\/script><\/div> <\/div>","protected":false},"excerpt":{"rendered":"","protected":false},"author":3,"featured_media":0,"parent":8024,"menu_order":0,"comment_status":"closed","ping_status":"closed","template":"","meta":{"_acf_changed":false,"inline_featured_image":false,"footnotes":""},"class_list":["post-8013","page","type-page","status-publish","hentry"],"acf":[],"yoast_head":"<!-- This site is optimized with the Yoast SEO Premium plugin v24.9 (Yoast SEO v26.7) - https:\/\/yoast.com\/wordpress\/plugins\/seo\/ -->\n<title>Gr\u00e9age | Encore\u00ae<\/title>\n<meta name=\"description\" content=\"Cr\u00e9ez un cadre adapt\u00e9 \u00e0 votre \u00e9tablissement et \u00e0 votre auditoire\" \/>\n<meta name=\"robots\" content=\"index, follow, max-snippet:-1, max-image-preview:large, max-video-preview:-1\" \/>\n<link rel=\"canonical\" href=\"https:\/\/www.encore-can.com\/fr\/nos-activites\/services-de-production\/greage\/\" \/>\n<meta property=\"og:locale\" content=\"fr_FR\" \/>\n<meta property=\"og:type\" content=\"article\" \/>\n<meta property=\"og:title\" content=\"Gr\u00e9age\" \/>\n<meta property=\"og:description\" content=\"Cr\u00e9ez un cadre adapt\u00e9 \u00e0 votre \u00e9tablissement et \u00e0 votre auditoire\" \/>\n<meta property=\"og:url\" content=\"https:\/\/www.encore-can.com\/fr\/nos-activites\/services-de-production\/greage\/\" \/>\n<meta property=\"og:site_name\" content=\"Encore\u00ae\" \/>\n<meta property=\"article:publisher\" content=\"https:\/\/www.facebook.com\/encoreglobal1\/\" \/>\n<meta property=\"article:modified_time\" content=\"2025-10-22T20:28:38+00:00\" \/>\n<meta property=\"og:image\" content=\"https:\/\/www.encore-can.com\/wp-content\/uploads\/2025\/04\/encore-global-og.png\" \/>\n\t<meta property=\"og:image:width\" content=\"1200\" \/>\n\t<meta property=\"og:image:height\" content=\"675\" \/>\n\t<meta property=\"og:image:type\" content=\"image\/png\" \/>\n<meta name=\"twitter:card\" content=\"summary_large_image\" \/>\n<meta name=\"twitter:site\" content=\"@EncoreGlobal_\" \/>\n<script type=\"application\/ld+json\" class=\"yoast-schema-graph\">{\"@context\":\"https:\/\/schema.org\",\"@graph\":[{\"@type\":\"WebPage\",\"@id\":\"https:\/\/www.encore-can.com\/fr\/nos-activites\/services-de-production\/greage\/\",\"url\":\"https:\/\/www.encore-can.com\/fr\/nos-activites\/services-de-production\/greage\/\",\"name\":\"Gr\u00e9age | Encore\u00ae\",\"isPartOf\":{\"@id\":\"https:\/\/www.encore-can.com\/fr\/#website\"},\"datePublished\":\"2025-02-27T22:17:05+00:00\",\"dateModified\":\"2025-10-22T20:28:38+00:00\",\"description\":\"Cr\u00e9ez un cadre adapt\u00e9 \u00e0 votre \u00e9tablissement et \u00e0 votre auditoire\",\"breadcrumb\":{\"@id\":\"https:\/\/www.encore-can.com\/fr\/nos-activites\/services-de-production\/greage\/#breadcrumb\"},\"inLanguage\":\"fr-FR\",\"potentialAction\":[{\"@type\":\"ReadAction\",\"target\":[\"https:\/\/www.encore-can.com\/fr\/nos-activites\/services-de-production\/greage\/\"]}]},{\"@type\":\"BreadcrumbList\",\"@id\":\"https:\/\/www.encore-can.com\/fr\/nos-activites\/services-de-production\/greage\/#breadcrumb\",\"itemListElement\":[{\"@type\":\"ListItem\",\"position\":1,\"name\":\"Home\",\"item\":\"https:\/\/www.encore-can.com\/fr\/\"},{\"@type\":\"ListItem\",\"position\":2,\"name\":\"Nos activit\u00e9s\",\"item\":\"https:\/\/www.encore-can.com\/fr\/nos-activites\/\"},{\"@type\":\"ListItem\",\"position\":3,\"name\":\"Services de production\",\"item\":\"https:\/\/www.encore-can.com\/fr\/nos-activites\/services-de-production\/\"},{\"@type\":\"ListItem\",\"position\":4,\"name\":\"Gr\u00e9age\"}]},{\"@type\":\"WebSite\",\"@id\":\"https:\/\/www.encore-can.com\/fr\/#website\",\"url\":\"https:\/\/www.encore-can.com\/fr\/\",\"name\":\"Encore\u00ae\",\"description\":\"Events That Transform\",\"publisher\":{\"@id\":\"https:\/\/www.encore-can.com\/fr\/#organization\"},\"potentialAction\":[{\"@type\":\"SearchAction\",\"target\":{\"@type\":\"EntryPoint\",\"urlTemplate\":\"https:\/\/www.encore-can.com\/fr\/?s={search_term_string}\"},\"query-input\":{\"@type\":\"PropertyValueSpecification\",\"valueRequired\":true,\"valueName\":\"search_term_string\"}}],\"inLanguage\":\"fr-FR\"},{\"@type\":\"Organization\",\"@id\":\"https:\/\/www.encore-can.com\/fr\/#organization\",\"name\":\"Encore\u00ae\",\"url\":\"https:\/\/www.encore-can.com\/fr\/\",\"logo\":{\"@type\":\"ImageObject\",\"inLanguage\":\"fr-FR\",\"@id\":\"https:\/\/www.encore-can.com\/fr\/#\/schema\/logo\/image\/\",\"url\":\"https:\/\/www.encore-can.com\/wp-content\/uploads\/2025\/04\/encore-logo-e1743947984637.png\",\"contentUrl\":\"https:\/\/www.encore-can.com\/wp-content\/uploads\/2025\/04\/encore-logo-e1743947984637.png\",\"width\":1202,\"height\":330,\"caption\":\"Encore\u00ae\"},\"image\":{\"@id\":\"https:\/\/www.encore-can.com\/fr\/#\/schema\/logo\/image\/\"},\"sameAs\":[\"https:\/\/www.facebook.com\/encoreglobal1\/\",\"https:\/\/x.com\/EncoreGlobal_\",\"https:\/\/www.instagram.com\/encore_global\/\",\"https:\/\/www.linkedin.com\/company\/encoreglobal\"]}]}<\/script>\n<!-- \/ Yoast SEO Premium plugin. -->","yoast_head_json":{"title":"Gr\u00e9age | Encore\u00ae","description":"Cr\u00e9ez un cadre adapt\u00e9 \u00e0 votre \u00e9tablissement et \u00e0 votre auditoire","robots":{"index":"index","follow":"follow","max-snippet":"max-snippet:-1","max-image-preview":"max-image-preview:large","max-video-preview":"max-video-preview:-1"},"canonical":"https:\/\/www.encore-can.com\/fr\/nos-activites\/services-de-production\/greage\/","og_locale":"fr_FR","og_type":"article","og_title":"Gr\u00e9age","og_description":"Cr\u00e9ez un cadre adapt\u00e9 \u00e0 votre \u00e9tablissement et \u00e0 votre auditoire","og_url":"https:\/\/www.encore-can.com\/fr\/nos-activites\/services-de-production\/greage\/","og_site_name":"Encore\u00ae","article_publisher":"https:\/\/www.facebook.com\/encoreglobal1\/","article_modified_time":"2025-10-22T20:28:38+00:00","og_image":[{"width":1200,"height":675,"url":"https:\/\/www.encore-can.com\/wp-content\/uploads\/2025\/04\/encore-global-og.png","type":"image\/png"}],"twitter_card":"summary_large_image","twitter_site":"@EncoreGlobal_","schema":{"@context":"https:\/\/schema.org","@graph":[{"@type":"WebPage","@id":"https:\/\/www.encore-can.com\/fr\/nos-activites\/services-de-production\/greage\/","url":"https:\/\/www.encore-can.com\/fr\/nos-activites\/services-de-production\/greage\/","name":"Gr\u00e9age | Encore\u00ae","isPartOf":{"@id":"https:\/\/www.encore-can.com\/fr\/#website"},"datePublished":"2025-02-27T22:17:05+00:00","dateModified":"2025-10-22T20:28:38+00:00","description":"Cr\u00e9ez un cadre adapt\u00e9 \u00e0 votre \u00e9tablissement et \u00e0 votre auditoire","breadcrumb":{"@id":"https:\/\/www.encore-can.com\/fr\/nos-activites\/services-de-production\/greage\/#breadcrumb"},"inLanguage":"fr-FR","potentialAction":[{"@type":"ReadAction","target":["https:\/\/www.encore-can.com\/fr\/nos-activites\/services-de-production\/greage\/"]}]},{"@type":"BreadcrumbList","@id":"https:\/\/www.encore-can.com\/fr\/nos-activites\/services-de-production\/greage\/#breadcrumb","itemListElement":[{"@type":"ListItem","position":1,"name":"Home","item":"https:\/\/www.encore-can.com\/fr\/"},{"@type":"ListItem","position":2,"name":"Nos activit\u00e9s","item":"https:\/\/www.encore-can.com\/fr\/nos-activites\/"},{"@type":"ListItem","position":3,"name":"Services de production","item":"https:\/\/www.encore-can.com\/fr\/nos-activites\/services-de-production\/"},{"@type":"ListItem","position":4,"name":"Gr\u00e9age"}]},{"@type":"WebSite","@id":"https:\/\/www.encore-can.com\/fr\/#website","url":"https:\/\/www.encore-can.com\/fr\/","name":"Encore\u00ae","description":"Events That Transform","publisher":{"@id":"https:\/\/www.encore-can.com\/fr\/#organization"},"potentialAction":[{"@type":"SearchAction","target":{"@type":"EntryPoint","urlTemplate":"https:\/\/www.encore-can.com\/fr\/?s={search_term_string}"},"query-input":{"@type":"PropertyValueSpecification","valueRequired":true,"valueName":"search_term_string"}}],"inLanguage":"fr-FR"},{"@type":"Organization","@id":"https:\/\/www.encore-can.com\/fr\/#organization","name":"Encore\u00ae","url":"https:\/\/www.encore-can.com\/fr\/","logo":{"@type":"ImageObject","inLanguage":"fr-FR","@id":"https:\/\/www.encore-can.com\/fr\/#\/schema\/logo\/image\/","url":"https:\/\/www.encore-can.com\/wp-content\/uploads\/2025\/04\/encore-logo-e1743947984637.png","contentUrl":"https:\/\/www.encore-can.com\/wp-content\/uploads\/2025\/04\/encore-logo-e1743947984637.png","width":1202,"height":330,"caption":"Encore\u00ae"},"image":{"@id":"https:\/\/www.encore-can.com\/fr\/#\/schema\/logo\/image\/"},"sameAs":["https:\/\/www.facebook.com\/encoreglobal1\/","https:\/\/x.com\/EncoreGlobal_","https:\/\/www.instagram.com\/encore_global\/","https:\/\/www.linkedin.com\/company\/encoreglobal"]}]}},"_links":{"self":[{"href":"https:\/\/www.encore-can.com\/fr\/wp-json\/wp\/v2\/pages\/8013","targetHints":{"allow":["GET"]}}],"collection":[{"href":"https:\/\/www.encore-can.com\/fr\/wp-json\/wp\/v2\/pages"}],"about":[{"href":"https:\/\/www.encore-can.com\/fr\/wp-json\/wp\/v2\/types\/page"}],"author":[{"embeddable":true,"href":"https:\/\/www.encore-can.com\/fr\/wp-json\/wp\/v2\/users\/3"}],"replies":[{"embeddable":true,"href":"https:\/\/www.encore-can.com\/fr\/wp-json\/wp\/v2\/comments?post=8013"}],"version-history":[{"count":0,"href":"https:\/\/www.encore-can.com\/fr\/wp-json\/wp\/v2\/pages\/8013\/revisions"}],"up":[{"embeddable":true,"href":"https:\/\/www.encore-can.com\/fr\/wp-json\/wp\/v2\/pages\/8024"}],"wp:attachment":[{"href":"https:\/\/www.encore-can.com\/fr\/wp-json\/wp\/v2\/media?parent=8013"}],"curies":[{"name":"wp","href":"https:\/\/api.w.org\/{rel}","templated":true}]}}