{"id":7953,"date":"2025-06-26T18:17:19","date_gmt":"2025-06-26T18:17:19","guid":{"rendered":"https:\/\/encorecanada.wpenginepowered.com\/restons-en-contact\/"},"modified":"2025-08-12T19:51:19","modified_gmt":"2025-08-12T19:51:19","slug":"restons-en-contact","status":"publish","type":"page","link":"https:\/\/www.encore-can.com\/fr\/restons-en-contact\/","title":{"rendered":"Restons en contact"},"content":{"rendered":"<div class=\"custom-block padding--bottom \" > <div class=\"breadcrumb-container\"><div class=\"container\"><nav class=\"breadcrumb\"><div class=\"breadcrumb__home\"><a href=\"https:\/\/www.encore-can.com\/fr\/\"><span class=\"breadcrumb__home__icon\"><svg xmlns=\"http:\/\/www.w3.org\/2000\/svg\" width=\"24\" height=\"24\" viewBox=\"0 0 24 24\" fill=\"none\"><path fill-rule=\"evenodd\" clip-rule=\"evenodd\" d=\"M12.1919 7.02537C12.0673 6.99154 11.9325 6.99154 11.8079 7.02537C11.7896 7.03034 11.7359 7.04697 11.5943 7.14418C11.4414 7.24911 11.2514 7.40082 10.9417 7.64961L7.1004 10.7346C6.73765 11.026 6.70113 11.0657 6.68057 11.0936C6.64692 11.139 6.62568 11.1841 6.61376 11.226L6.61333 11.2279C6.61333 11.2279 6.61235 11.2327 6.6115 11.2386C6.60971 11.2509 6.60718 11.2733 6.60506 11.3128C6.60033 11.4008 6.6 11.517 6.6 11.7234V17H9.4V15.0628C9.4 13.6205 10.6465 12.5943 12 12.5943C13.3535 12.5943 14.6 13.6205 14.6 15.0628V17H17.4V11.7234C17.4 11.5175 17.3996 11.4012 17.3948 11.3135C17.3927 11.2742 17.3901 11.2517 17.3883 11.2393C17.3874 11.2333 17.3864 11.2283 17.3864 11.2283L17.3859 11.226C17.3734 11.1821 17.352 11.1373 17.3197 11.0936C17.2991 11.0658 17.2626 11.0261 16.8998 10.7346L13.0598 7.65062C12.7496 7.40152 12.5593 7.24956 12.4062 7.14448C12.2643 7.0471 12.2104 7.03038 12.1919 7.02537ZM19.4 17V11.7234C19.4 11.699 19.4 11.6744 19.4001 11.6498C19.4007 11.3339 19.4013 11.0009 19.3094 10.6784C19.2298 10.3987 19.0999 10.1372 18.9277 9.9043C18.7319 9.63963 18.4719 9.43143 18.2108 9.22229C18.1912 9.20663 18.1717 9.19097 18.1521 9.17528L14.2876 6.07159C14.0103 5.84887 13.7608 5.64843 13.5378 5.49541C13.297 5.33019 13.0335 5.18143 12.7159 5.09521C12.2482 4.96826 11.7517 4.96826 11.284 5.09521C10.9665 5.1814 10.7031 5.33011 10.4626 5.49518C10.2401 5.64788 9.99113 5.84782 9.71468 6.06987L5.84804 9.17528C5.8286 9.19089 5.80915 9.20647 5.78971 9.22204C5.52834 9.43135 5.26837 9.63955 5.07256 9.9043C4.90155 10.1355 4.7704 10.3967 4.69019 10.6784C4.59861 11.0001 4.59927 11.3329 4.5999 11.6467C4.59995 11.6724 4.6 11.698 4.6 11.7234V17H4C3.44772 17 3 17.4477 3 18C3 18.5523 3.44772 19 4 19H20C20.5523 19 21 18.5523 21 18C21 17.4477 20.5523 17 20 17H19.4ZM12.6 17V15.0628C12.6 14.883 12.4138 14.5943 12 14.5943C11.5862 14.5943 11.4 14.883 11.4 15.0628V17H12.6Z\" fill=\"#1F1646\"\/><\/svg> <\/span><span class=\"breadcrumb__home__name\">Home <\/span><\/a><span class=\"delimiter\">\/<\/span><\/div><div class=\"breadcrumb__parents\"> <button class=\"text breadcrumb__parents__menu\">&#8230; &nbsp;\/<\/button><\/div><div class=\"breadcrumb__dropdown shadow\"><\/div><div class=\"breadcrumb__current\"><span>Restons en contact<\/span><\/div><\/nav><\/div><\/div> <\/div><div class=\"custom-block padding--bottom \" > <div class=\"single-resource-hero\" id=\"block_de1f32dbbbebf87f6d9fc7186e729bde\" data-theme=\"meadow-harmony\"><div class=\"wrap-shapes\"><div class=\"container\"><div class=\"shapes\"><svg width=\"133\" height=\"91\" viewBox=\"0 0 133 91\" fill=\"none\" xmlns=\"http:\/\/www.w3.org\/2000\/svg\"><path d=\"M9.87022 19.5547L19 28.5581L9.87022 37.5615L0.740437 28.5581L9.87022 19.5547Z\" fill=\"var(--color2)\"\/><path d=\"M47.9562 0.000174339L71 22.7251L47.9562 45.45L24.9124 22.7251L47.9562 0.000174339Z\" fill=\"var(--color2)\"\/><path d=\"M38.9138 55.1376L53 69.0288L38.9139 82.92L24.8277 69.0288L38.9138 55.1376Z\" fill=\"var(--color3)\"\/><path d=\"M96.7761 19.3633L133 55.0859L96.776 90.8086L60.5521 55.0859L96.7761 19.3633Z\" fill=\"var(--color1)\"\/><\/svg><\/div><\/div><\/div><div class=\"container container--sm\"><div class=\"row align-center justify-between mobile-reverse\"><div class=\"col-12\"><div class=\"resource-hero__content\"> <h1 class=\"title headline\" data-pinnable>Restons en contact\n<\/span><\/h1>  <div class=\"text\" data-pinnable><p>Que vous souhaitiez tout regrouper dans un seul bulletin, obtenir les r\u00e9sultats d\u2019un sondage sur l\u2019industrie \u00e9v\u00e9nementielle, profiter d\u2019occasions de perfectionnement professionnel ou d\u00e9couvrir les plus r\u00e9centes innovations, nous avons quelque chose pour vous.<\/p>\n<\/div>   <button class=\"btn btn-primary js-modal\" data-modal=\"subscribe-modal\"><span class=\"btn__text\">Abonnez-vous pour recevoir des mises \u00e0 jour<\/span>  <svg class=\"js-downloadSVG\" width=\"24\" height=\"24\" viewBox=\"0 0 24 24\" fill=\"none\" xmlns=\"http:\/\/www.w3.org\/2000\/svg\" aria-labelledby=\"svgTitle svgDesc\"> <title id=\"svgTitle\">contact<\/title> <desc id=\"svgDesc\">contact icon<\/desc> <path fill-rule=\"evenodd\" clip-rule=\"evenodd\" d=\"M4 4.75V14.4056L6.08191 12.7224C6.25987 12.5785 6.48178 12.5 6.71063 12.5H15.5V4.75H4ZM17.5 7.25V4.5C17.5 4.03587 17.3156 3.59075 16.9874 3.26256C16.6592 2.93437 16.2141 2.75 15.75 2.75H3.75C3.28587 2.75 2.84075 2.93438 2.51256 3.26256C2.18438 3.59075 2 4.03587 2 4.5V16.5C2 16.8853 2.2214 17.2364 2.56914 17.4024C2.91687 17.5684 3.32906 17.5199 3.62871 17.2776L6.5 14.9562V17.25C6.5 17.7141 6.68438 18.1592 7.01256 18.4874C7.34075 18.8156 7.78587 19 8.25 19H16.9357L20.3713 21.7776C20.6709 22.0199 21.0831 22.0684 21.4309 21.9024C21.7786 21.7364 22 21.3853 22 21V9C22 8.53587 21.8156 8.09075 21.4874 7.76256C21.1592 7.43438 20.7141 7.25 20.25 7.25H17.5ZM17.5 9.25V12.75C17.5 13.2141 17.3156 13.6592 16.9874 13.9874C16.6592 14.3156 16.2141 14.5 15.75 14.5H8.5V17H17.2894C17.5182 17 17.7401 17.0785 17.9181 17.2224L20 18.9056V9.25H17.5Z\" fill=\"#1F1646\"\/><\/svg> <\/button>  <\/div><\/div><div class=\"col-12\"> <\/div><\/div><\/div><\/div><\/div><\/div> <\/div><div class=\"custom-block padding--top padding--bottom \" > <div class=\"decoration mobile-hide\" data-theme=\"theme-2\" ><div class=\"container\"><div class=\"shapes style--0 position-left\" style=\"top: -5px\"><svg width=\"133\" height=\"91\" viewBox=\"0 0 133 91\" fill=\"none\" xmlns=\"http:\/\/www.w3.org\/2000\/svg\"><path d=\"M9.87022 19.5547L19 28.5581L9.87022 37.5615L0.740437 28.5581L9.87022 19.5547Z\" fill=\"var(--color2)\"\/><path d=\"M47.9562 0.000174339L71 22.7251L47.9562 45.45L24.9124 22.7251L47.9562 0.000174339Z\" fill=\"var(--color2)\"\/><path d=\"M38.9138 55.1376L53 69.0288L38.9139 82.92L24.8277 69.0288L38.9138 55.1376Z\" fill=\" var(--color3)\"\/><path d=\"M96.7761 19.3633L133 55.0859L96.776 90.8086L60.5521 55.0859L96.7761 19.3633Z\" fill=\"var(--color1)\"\/><\/svg><\/div><\/div><\/div> <\/div><div class=\"custom-block \" > <div class=\"modal-component-wrap\"><dialog class=\"modal \" id=\"subscribe-modal\"  aria-labelledby=\"Restons en contact\"><button class=\"modal-close js-modal-close\"><svg xmlns=\"http:\/\/www.w3.org\/2000\/svg\" width=\"24\" height=\"24\" viewBox=\"0 0 24 24\" fill=\"none\"><path fill-rule=\"evenodd\" clip-rule=\"evenodd\" d=\"M6.29289 6.29289C6.68342 5.90237 7.31658 5.90237 7.70711 6.29289L11.9999 10.5857L16.2928 6.29289C16.6833 5.90237 17.3165 5.90237 17.707 6.29289C18.0975 6.68342 18.0975 7.31658 17.707 7.70711L13.4141 11.9999L17.707 16.2928C18.0975 16.6833 18.0975 17.3165 17.707 17.707C17.3165 18.0975 16.6833 18.0975 16.2928 17.707L11.9999 13.4141L7.70711 17.707C7.31658 18.0975 6.68342 18.0975 6.29289 17.707C5.90237 17.3165 5.90237 16.6833 6.29289 16.2928L10.5857 11.9999L6.29289 7.70711C5.90237 7.31658 5.90237 6.68342 6.29289 6.29289Z\" fill=\"white\"\/><\/svg><\/button><div class=\"modal-body wrap-modal-content wrap-modal-content\"><div class=\"row justify-center row--overflow\"><div class=\"h100 COL-MD-8\"><div class=\"modal-title text--center\"><h2 class=\"title\">Restons en contact<\/h2><\/div>  <div class=\"eloqua-form-container eloqua-form-container--has-title\"><iframe loading=\"lazy\" id=\"subscribe-iframe\" style=\"border-width: 0;width:100%; height:65vh\" src=\"https:\/\/create.encoreglobal.com\/eSubscribe\" width=\"100%\" height=\"100\"><\/iframe>\r\n<script>\r\nconst embededIframe = document.querySelector('#subscribe-iframe');\r\nfunction listenMessage({ data }) {\r\n  if (data.iframe_size) {\r\n    embededIframe.style.height = `${data.iframe_size + 144}px`;\r\n  }\r\n}\r\nwindow.addEventListener('message', listenMessage, false);\r\n<\/script><\/div> <\/div><\/div><\/div><\/dialog><\/div> <\/div>","protected":false},"excerpt":{"rendered":"","protected":false},"author":4,"featured_media":0,"parent":0,"menu_order":0,"comment_status":"closed","ping_status":"closed","template":"","meta":{"_acf_changed":true,"inline_featured_image":false,"footnotes":""},"class_list":["post-7953","page","type-page","status-publish","hentry"],"acf":[],"yoast_head":"<!-- This site is optimized with the Yoast SEO Premium plugin v24.9 (Yoast SEO v26.7) - https:\/\/yoast.com\/wordpress\/plugins\/seo\/ -->\n<title>Restons en contact | Encore\u00ae<\/title>\n<meta name=\"description\" content=\"Vous avez des questions, besoin de soutien ou \u00eates pr\u00eat \u00e0 commencer la planification? Nous sommes l\u00e0 pour vous aider. Parlons de la fa\u00e7on dont nous pouvons ensemble cr\u00e9er des exp\u00e9riences \u00e9v\u00e9nementielles qui relient et inspirent.\" \/>\n<meta name=\"robots\" content=\"index, follow, max-snippet:-1, max-image-preview:large, max-video-preview:-1\" \/>\n<link rel=\"canonical\" href=\"https:\/\/www.encore-can.com\/fr\/restons-en-contact\/\" \/>\n<meta property=\"og:locale\" content=\"fr_FR\" \/>\n<meta property=\"og:type\" content=\"article\" \/>\n<meta property=\"og:title\" content=\"Restons en contact\" \/>\n<meta property=\"og:description\" content=\"Vous avez des questions, besoin de soutien ou \u00eates pr\u00eat \u00e0 commencer la planification? Nous sommes l\u00e0 pour vous aider. Parlons de la fa\u00e7on dont nous pouvons ensemble cr\u00e9er des exp\u00e9riences \u00e9v\u00e9nementielles qui relient et inspirent.\" \/>\n<meta property=\"og:url\" content=\"https:\/\/www.encore-can.com\/fr\/restons-en-contact\/\" \/>\n<meta property=\"og:site_name\" content=\"Encore\u00ae\" \/>\n<meta property=\"article:publisher\" content=\"https:\/\/www.facebook.com\/encoreglobal1\/\" \/>\n<meta property=\"article:modified_time\" content=\"2025-08-12T19:51:19+00:00\" \/>\n<meta property=\"og:image\" content=\"https:\/\/www.encore-can.com\/wp-content\/uploads\/2025\/04\/encore-global-og.png\" \/>\n\t<meta property=\"og:image:width\" content=\"1200\" \/>\n\t<meta property=\"og:image:height\" content=\"675\" \/>\n\t<meta property=\"og:image:type\" content=\"image\/png\" \/>\n<meta name=\"twitter:card\" content=\"summary_large_image\" \/>\n<meta name=\"twitter:site\" content=\"@EncoreGlobal_\" \/>\n<script type=\"application\/ld+json\" class=\"yoast-schema-graph\">{\"@context\":\"https:\/\/schema.org\",\"@graph\":[{\"@type\":\"WebPage\",\"@id\":\"https:\/\/www.encore-can.com\/fr\/restons-en-contact\/\",\"url\":\"https:\/\/www.encore-can.com\/fr\/restons-en-contact\/\",\"name\":\"Restons en contact | Encore\u00ae\",\"isPartOf\":{\"@id\":\"https:\/\/www.encore-can.com\/fr\/#website\"},\"datePublished\":\"2025-06-26T18:17:19+00:00\",\"dateModified\":\"2025-08-12T19:51:19+00:00\",\"description\":\"Vous avez des questions, besoin de soutien ou \u00eates pr\u00eat \u00e0 commencer la planification? Nous sommes l\u00e0 pour vous aider. Parlons de la fa\u00e7on dont nous pouvons ensemble cr\u00e9er des exp\u00e9riences \u00e9v\u00e9nementielles qui relient et inspirent.\",\"breadcrumb\":{\"@id\":\"https:\/\/www.encore-can.com\/fr\/restons-en-contact\/#breadcrumb\"},\"inLanguage\":\"fr-FR\",\"potentialAction\":[{\"@type\":\"ReadAction\",\"target\":[\"https:\/\/www.encore-can.com\/fr\/restons-en-contact\/\"]}]},{\"@type\":\"BreadcrumbList\",\"@id\":\"https:\/\/www.encore-can.com\/fr\/restons-en-contact\/#breadcrumb\",\"itemListElement\":[{\"@type\":\"ListItem\",\"position\":1,\"name\":\"Home\",\"item\":\"https:\/\/www.encore-can.com\/fr\/\"},{\"@type\":\"ListItem\",\"position\":2,\"name\":\"Restons en contact\"}]},{\"@type\":\"WebSite\",\"@id\":\"https:\/\/www.encore-can.com\/fr\/#website\",\"url\":\"https:\/\/www.encore-can.com\/fr\/\",\"name\":\"Encore\u00ae\",\"description\":\"Events That Transform\",\"publisher\":{\"@id\":\"https:\/\/www.encore-can.com\/fr\/#organization\"},\"potentialAction\":[{\"@type\":\"SearchAction\",\"target\":{\"@type\":\"EntryPoint\",\"urlTemplate\":\"https:\/\/www.encore-can.com\/fr\/?s={search_term_string}\"},\"query-input\":{\"@type\":\"PropertyValueSpecification\",\"valueRequired\":true,\"valueName\":\"search_term_string\"}}],\"inLanguage\":\"fr-FR\"},{\"@type\":\"Organization\",\"@id\":\"https:\/\/www.encore-can.com\/fr\/#organization\",\"name\":\"Encore\u00ae\",\"url\":\"https:\/\/www.encore-can.com\/fr\/\",\"logo\":{\"@type\":\"ImageObject\",\"inLanguage\":\"fr-FR\",\"@id\":\"https:\/\/www.encore-can.com\/fr\/#\/schema\/logo\/image\/\",\"url\":\"https:\/\/www.encore-can.com\/wp-content\/uploads\/2025\/04\/encore-logo-e1743947984637.png\",\"contentUrl\":\"https:\/\/www.encore-can.com\/wp-content\/uploads\/2025\/04\/encore-logo-e1743947984637.png\",\"width\":1202,\"height\":330,\"caption\":\"Encore\u00ae\"},\"image\":{\"@id\":\"https:\/\/www.encore-can.com\/fr\/#\/schema\/logo\/image\/\"},\"sameAs\":[\"https:\/\/www.facebook.com\/encoreglobal1\/\",\"https:\/\/x.com\/EncoreGlobal_\",\"https:\/\/www.instagram.com\/encore_global\/\",\"https:\/\/www.linkedin.com\/company\/encoreglobal\"]}]}<\/script>\n<!-- \/ Yoast SEO Premium plugin. -->","yoast_head_json":{"title":"Restons en contact | Encore\u00ae","description":"Vous avez des questions, besoin de soutien ou \u00eates pr\u00eat \u00e0 commencer la planification? Nous sommes l\u00e0 pour vous aider. Parlons de la fa\u00e7on dont nous pouvons ensemble cr\u00e9er des exp\u00e9riences \u00e9v\u00e9nementielles qui relient et inspirent.","robots":{"index":"index","follow":"follow","max-snippet":"max-snippet:-1","max-image-preview":"max-image-preview:large","max-video-preview":"max-video-preview:-1"},"canonical":"https:\/\/www.encore-can.com\/fr\/restons-en-contact\/","og_locale":"fr_FR","og_type":"article","og_title":"Restons en contact","og_description":"Vous avez des questions, besoin de soutien ou \u00eates pr\u00eat \u00e0 commencer la planification? Nous sommes l\u00e0 pour vous aider. Parlons de la fa\u00e7on dont nous pouvons ensemble cr\u00e9er des exp\u00e9riences \u00e9v\u00e9nementielles qui relient et inspirent.","og_url":"https:\/\/www.encore-can.com\/fr\/restons-en-contact\/","og_site_name":"Encore\u00ae","article_publisher":"https:\/\/www.facebook.com\/encoreglobal1\/","article_modified_time":"2025-08-12T19:51:19+00:00","og_image":[{"width":1200,"height":675,"url":"https:\/\/www.encore-can.com\/wp-content\/uploads\/2025\/04\/encore-global-og.png","type":"image\/png"}],"twitter_card":"summary_large_image","twitter_site":"@EncoreGlobal_","schema":{"@context":"https:\/\/schema.org","@graph":[{"@type":"WebPage","@id":"https:\/\/www.encore-can.com\/fr\/restons-en-contact\/","url":"https:\/\/www.encore-can.com\/fr\/restons-en-contact\/","name":"Restons en contact | Encore\u00ae","isPartOf":{"@id":"https:\/\/www.encore-can.com\/fr\/#website"},"datePublished":"2025-06-26T18:17:19+00:00","dateModified":"2025-08-12T19:51:19+00:00","description":"Vous avez des questions, besoin de soutien ou \u00eates pr\u00eat \u00e0 commencer la planification? Nous sommes l\u00e0 pour vous aider. Parlons de la fa\u00e7on dont nous pouvons ensemble cr\u00e9er des exp\u00e9riences \u00e9v\u00e9nementielles qui relient et inspirent.","breadcrumb":{"@id":"https:\/\/www.encore-can.com\/fr\/restons-en-contact\/#breadcrumb"},"inLanguage":"fr-FR","potentialAction":[{"@type":"ReadAction","target":["https:\/\/www.encore-can.com\/fr\/restons-en-contact\/"]}]},{"@type":"BreadcrumbList","@id":"https:\/\/www.encore-can.com\/fr\/restons-en-contact\/#breadcrumb","itemListElement":[{"@type":"ListItem","position":1,"name":"Home","item":"https:\/\/www.encore-can.com\/fr\/"},{"@type":"ListItem","position":2,"name":"Restons en contact"}]},{"@type":"WebSite","@id":"https:\/\/www.encore-can.com\/fr\/#website","url":"https:\/\/www.encore-can.com\/fr\/","name":"Encore\u00ae","description":"Events That Transform","publisher":{"@id":"https:\/\/www.encore-can.com\/fr\/#organization"},"potentialAction":[{"@type":"SearchAction","target":{"@type":"EntryPoint","urlTemplate":"https:\/\/www.encore-can.com\/fr\/?s={search_term_string}"},"query-input":{"@type":"PropertyValueSpecification","valueRequired":true,"valueName":"search_term_string"}}],"inLanguage":"fr-FR"},{"@type":"Organization","@id":"https:\/\/www.encore-can.com\/fr\/#organization","name":"Encore\u00ae","url":"https:\/\/www.encore-can.com\/fr\/","logo":{"@type":"ImageObject","inLanguage":"fr-FR","@id":"https:\/\/www.encore-can.com\/fr\/#\/schema\/logo\/image\/","url":"https:\/\/www.encore-can.com\/wp-content\/uploads\/2025\/04\/encore-logo-e1743947984637.png","contentUrl":"https:\/\/www.encore-can.com\/wp-content\/uploads\/2025\/04\/encore-logo-e1743947984637.png","width":1202,"height":330,"caption":"Encore\u00ae"},"image":{"@id":"https:\/\/www.encore-can.com\/fr\/#\/schema\/logo\/image\/"},"sameAs":["https:\/\/www.facebook.com\/encoreglobal1\/","https:\/\/x.com\/EncoreGlobal_","https:\/\/www.instagram.com\/encore_global\/","https:\/\/www.linkedin.com\/company\/encoreglobal"]}]}},"_links":{"self":[{"href":"https:\/\/www.encore-can.com\/fr\/wp-json\/wp\/v2\/pages\/7953","targetHints":{"allow":["GET"]}}],"collection":[{"href":"https:\/\/www.encore-can.com\/fr\/wp-json\/wp\/v2\/pages"}],"about":[{"href":"https:\/\/www.encore-can.com\/fr\/wp-json\/wp\/v2\/types\/page"}],"author":[{"embeddable":true,"href":"https:\/\/www.encore-can.com\/fr\/wp-json\/wp\/v2\/users\/4"}],"replies":[{"embeddable":true,"href":"https:\/\/www.encore-can.com\/fr\/wp-json\/wp\/v2\/comments?post=7953"}],"version-history":[{"count":0,"href":"https:\/\/www.encore-can.com\/fr\/wp-json\/wp\/v2\/pages\/7953\/revisions"}],"wp:attachment":[{"href":"https:\/\/www.encore-can.com\/fr\/wp-json\/wp\/v2\/media?parent=7953"}],"curies":[{"name":"wp","href":"https:\/\/api.w.org\/{rel}","templated":true}]}}